{"id":131,"date":"2024-09-24T11:49:23","date_gmt":"2024-09-24T11:49:23","guid":{"rendered":"https:\/\/www.paleciakparty.pl\/?page_id=131"},"modified":"2024-11-12T15:54:35","modified_gmt":"2024-11-12T15:54:35","slug":"basic","status":"publish","type":"page","link":"https:\/\/www.paleciakparty.pl\/?page_id=131","title":{"rendered":"Basic"},"content":{"rendered":"\n<p>W cen\u0119 pakietu wchodz\u0105:<br>- Sala 80m2 + taras 40m2<br>- Sto\u0142y i krzes\u0142a dla 55 os.<br>- G\u0142o\u015bnik Bluetooth <br>- Lampa w stylu disco<br>- Dost\u0119p do kuchni (<a href=\"https:\/\/www.paleciakparty.pl\/?page_id=213\">lista wyposa\u017cenia<\/a>)<br>- Dost\u0119p do WC<br>- Zestaw mebli na tarasie dla oko\u0142o 30 os.<br>- Wifi<br>- Telewizor (brak dekodera, jest antena satelitarna wi\u0119c mo\u017cna pod\u0142\u0105czy\u0107 w\u0142asny)<br>- Sprz\u0105tanie we w\u0142asnym zakresie (<a href=\"https:\/\/www.paleciakparty.pl\/?page_id=210\">zakres sprz\u0105tania<\/a>) lub 150 z\u0142 ( w cenie dla maksymalnie 30 os\u00f3b, powy\u017cej tej ilo\u015bci 10 z\u0142\/os, np. 35 os\u00f3b = dodatkowe 25 z\u0142 (5 z\u0142\/os) za sprz\u0105tanie<\/p>\n\n\n\n<p>Sprz\u0105tanie dekoracji we w\u0142asnym zakresie lub cena do ustalenia (w zale\u017cno\u015bci od ich ilo\u015bci itd.)<br><br>W okresie grzewczym sala jest ogrzewana kominkiem (odbywa\u0142y si\u0119 imprezy przy -20 stopniach i nikt nie zmarz\u0142). <br>Przygotowanie kominka do rozpalenia + 20 kg brykietu drzewnego + sprz\u0105tanie kominka po imprezie = 50 z\u0142 (dodatkowo 10 kg brykietu - 15 z\u0142)<br>Mo\u017cna przynie\u015b\u0107 w\u0142asny brykiet drzewny (sprasowane trociny) lub drewno opa\u0142owe. W tym wypadku nale\u017cy wyczy\u015bci\u0107 kominek w w\u0142asnym zakresie.<br><br>Za ka\u017cdy 60l worek wygenerowanych \u015bmieci (segregowanych) pobieramy 10 z\u0142.<\/p>\n\n\n\n<p>Przy przekazaniu kluczy podpisywany jest protok\u00f3\u0142 zdawczo-odbiorczy lokalu oraz pobierana jest kaucja w wysoko\u015bci 500 z\u0142. <br>Kaucja jest pobierana na poczet potencjalnych szk\u00f3d i pokrycie (cz\u0119\u015bciowo lub w ca\u0142o\u015bci) kar umownych. Kaucja zwracana jest po przekazaniu przez najemc\u0119 lokalu w stanie niepogorszonym na podstawie protoko\u0142u zdawczo-odbiorczego.<\/p>\n\n\n\n<p><\/p>\n","protected":false},"excerpt":{"rendered":"<p>W cen\u0119 pakietu wchodz\u0105:- Sala 80m2 + taras 40m2- Sto\u0142y i krzes\u0142a dla 55 os.- G\u0142o\u015bnik Bluetooth - Lampa w stylu disco- Dost\u0119p do kuchni (lista wyposa\u017cenia)- Dost\u0119p do WC- Zestaw mebli na tarasie dla oko\u0142o 30 os.- Wifi- Telewizor (brak dekodera, jest antena satelitarna wi\u0119c mo\u017cna pod\u0142\u0105czy\u0107 w\u0142asny)- Sprz\u0105tanie we w\u0142asnym zakresie (zakres sprz\u0105tania)&hellip;&nbsp;<a href=\"https:\/\/www.paleciakparty.pl\/?page_id=131\" rel=\"bookmark\">Dowiedz si\u0119 wi\u0119cej &raquo;<span class=\"screen-reader-text\">Basic<\/span><\/a><\/p>\n","protected":false},"author":1,"featured_media":0,"parent":0,"menu_order":0,"comment_status":"closed","ping_status":"closed","template":"","meta":{"neve_meta_sidebar":"","neve_meta_container":"","neve_meta_enable_content_width":"","neve_meta_content_width":0,"neve_meta_title_alignment":"","neve_meta_author_avatar":"","neve_post_elements_order":"","neve_meta_disable_header":"","neve_meta_disable_footer":"","neve_meta_disable_title":"","footnotes":""},"class_list":["post-131","page","type-page","status-publish","hentry"],"_links":{"self":[{"href":"https:\/\/www.paleciakparty.pl\/index.php?rest_route=\/wp\/v2\/pages\/131","targetHints":{"allow":["GET"]}}],"collection":[{"href":"https:\/\/www.paleciakparty.pl\/index.php?rest_route=\/wp\/v2\/pages"}],"about":[{"href":"https:\/\/www.paleciakparty.pl\/index.php?rest_route=\/wp\/v2\/types\/page"}],"author":[{"embeddable":true,"href":"https:\/\/www.paleciakparty.pl\/index.php?rest_route=\/wp\/v2\/users\/1"}],"replies":[{"embeddable":true,"href":"https:\/\/www.paleciakparty.pl\/index.php?rest_route=%2Fwp%2Fv2%2Fcomments&post=131"}],"version-history":[{"count":7,"href":"https:\/\/www.paleciakparty.pl\/index.php?rest_route=\/wp\/v2\/pages\/131\/revisions"}],"predecessor-version":[{"id":220,"href":"https:\/\/www.paleciakparty.pl\/index.php?rest_route=\/wp\/v2\/pages\/131\/revisions\/220"}],"wp:attachment":[{"href":"https:\/\/www.paleciakparty.pl\/index.php?rest_route=%2Fwp%2Fv2%2Fmedia&parent=131"}],"curies":[{"name":"wp","href":"https:\/\/api.w.org\/{rel}","templated":true}]}}