{"id":142,"date":"2024-09-24T12:10:54","date_gmt":"2024-09-24T12:10:54","guid":{"rendered":"https:\/\/www.paleciakparty.pl\/?page_id=142"},"modified":"2024-11-12T15:56:44","modified_gmt":"2024-11-12T15:56:44","slug":"vip-ultra","status":"publish","type":"page","link":"https:\/\/www.paleciakparty.pl\/?page_id=142","title":{"rendered":"VIP Ultra"},"content":{"rendered":"\n<p>W cen\u0119 pakietu wchodz\u0105:<br>\u2013 Sala 80m2 + taras 40m2<br>\u2013 Sto\u0142y i krzes\u0142a dla 55 os.<br>\u2013 G\u0142o\u015bnik Bluetooth<br>\u2013 Lampa w stylu disco<br>\u2013 Dost\u0119p do kuchni (<a href=\"https:\/\/www.paleciakparty.pl\/?page_id=213\">lista wyposa\u017cenia<\/a>)<br>\u2013 Dost\u0119p do WC<br>\u2013 Zestaw mebli na tarasie dla oko\u0142o 30 os.<br>\u2013 Wifi<br>\u2013 Telewizor (brak dekodera, jest antena satelitarna wi\u0119c mo\u017cna pod\u0142\u0105czy\u0107 w\u0142asny)<\/p>\n\n\n\n<hr class=\"wp-block-separator has-alpha-channel-opacity\"\/>\n\n\n\n<p>\u2013 Szk\u0142o (szklanki, kieliszki, dzbanki itp.)<br>\u2013 Zastawa (talerze g\u0142\u0119bokie, obiadowe, deserowe, sztu\u0107ce, fili\u017canki, miski)<br>\u2013 Wazoniki z ozdobnymi kwiatami<br>\u2013 Sprz\u0105tanie sali, toalety, kuchni, tarasu oraz zmywanie zastawy i szk\u0142a ( w cenie dla maksymalnie 30 os\u00f3b, powy\u017cej  tej ilo\u015bci 10 z\u0142\/os, np. 35 os\u00f3b = dodatkowe 50 z\u0142 (10z\u0142\/os) za sprz\u0105tanie i zmywanie)<\/p>\n\n\n\n<hr class=\"wp-block-separator has-alpha-channel-opacity\"\/>\n\n\n\n<p>\u2013 Bia\u0142e obrusy, bie\u017cniki (w cenie komplet 4 obrus\u00f3w i bie\u017cnik\u00f3w)<br>\u2013 Dodatkowy komplet obrus + bie\u017cnik (25 z\u0142)<br>\u2013 Pranie i prasowanie w cenie pakietu<\/p>\n\n\n\n<hr class=\"wp-block-separator has-alpha-channel-opacity\"\/>\n\n\n\n<p>\u2013 Kompleksowe przygotowanie sto\u0142\u00f3w wraz z zastaw\u0105 i obrusami dla okre\u015blonej ilo\u015bci go\u015bci<\/p>\n\n\n\n<p>Sprz\u0105tanie dekoracji we w\u0142asnym zakresie lub cena do ustalenia (w zale\u017cno\u015bci od ich ilo\u015bci itd.)<\/p>\n\n\n\n<p>W okresie grzewczym sala jest ogrzewana kominkiem (odbywa\u0142y si\u0119 imprezy przy -20 stopniach i nikt nie zmarz\u0142).<br>Przygotowanie kominka do rozpalenia + 20 kg brykietu drzewnego + sprz\u0105tanie kominka po imprezie = 50 z\u0142 (dodatkowe 10 kg brykietu - 15 z\u0142)<br>Mo\u017cna przynie\u015b\u0107 w\u0142asny brykiet drzewny (sprasowane trociny) lub drewno opa\u0142owe. W tym wypadku nale\u017cy wyczy\u015bci\u0107 kominek w w\u0142asnym zakresie.<\/p>\n\n\n\n<p>Za ka\u017cdy 60l worek wygenerowanych \u015bmieci (segregowanych) pobieramy 10 z\u0142<\/p>\n\n\n\n<p>Przy przekazaniu kluczy podpisywany jest protok\u00f3\u0142 zdawczo-odbiorczy lokalu oraz pobierana jest kaucja w wysoko\u015bci 500 z\u0142. <br>Kaucja jest pobierana na poczet potencjalnych szk\u00f3d i pokrycie (cz\u0119\u015bciowo lub w ca\u0142o\u015bci) kar umownych. Kaucja zwracana jest po przekazaniu przez najemc\u0119 lokalu w stanie niepogorszonym na podstawie protoko\u0142u zdawczo-odbiorczego.<\/p>\n","protected":false},"excerpt":{"rendered":"<p>W cen\u0119 pakietu wchodz\u0105:\u2013 Sala 80m2 + taras 40m2\u2013 Sto\u0142y i krzes\u0142a dla 55 os.\u2013 G\u0142o\u015bnik Bluetooth\u2013 Lampa w stylu disco\u2013 Dost\u0119p do kuchni (lista wyposa\u017cenia)\u2013 Dost\u0119p do WC\u2013 Zestaw mebli na tarasie dla oko\u0142o 30 os.\u2013 Wifi\u2013 Telewizor (brak dekodera, jest antena satelitarna wi\u0119c mo\u017cna pod\u0142\u0105czy\u0107 w\u0142asny) \u2013 Szk\u0142o (szklanki, kieliszki, dzbanki itp.)\u2013 Zastawa&hellip;&nbsp;<a href=\"https:\/\/www.paleciakparty.pl\/?page_id=142\" rel=\"bookmark\">Dowiedz si\u0119 wi\u0119cej &raquo;<span class=\"screen-reader-text\">VIP Ultra<\/span><\/a><\/p>\n","protected":false},"author":1,"featured_media":0,"parent":0,"menu_order":0,"comment_status":"closed","ping_status":"closed","template":"","meta":{"neve_meta_sidebar":"","neve_meta_container":"","neve_meta_enable_content_width":"","neve_meta_content_width":0,"neve_meta_title_alignment":"","neve_meta_author_avatar":"","neve_post_elements_order":"","neve_meta_disable_header":"","neve_meta_disable_footer":"","neve_meta_disable_title":"","footnotes":""},"class_list":["post-142","page","type-page","status-publish","hentry"],"_links":{"self":[{"href":"https:\/\/www.paleciakparty.pl\/index.php?rest_route=\/wp\/v2\/pages\/142","targetHints":{"allow":["GET"]}}],"collection":[{"href":"https:\/\/www.paleciakparty.pl\/index.php?rest_route=\/wp\/v2\/pages"}],"about":[{"href":"https:\/\/www.paleciakparty.pl\/index.php?rest_route=\/wp\/v2\/types\/page"}],"author":[{"embeddable":true,"href":"https:\/\/www.paleciakparty.pl\/index.php?rest_route=\/wp\/v2\/users\/1"}],"replies":[{"embeddable":true,"href":"https:\/\/www.paleciakparty.pl\/index.php?rest_route=%2Fwp%2Fv2%2Fcomments&post=142"}],"version-history":[{"count":6,"href":"https:\/\/www.paleciakparty.pl\/index.php?rest_route=\/wp\/v2\/pages\/142\/revisions"}],"predecessor-version":[{"id":223,"href":"https:\/\/www.paleciakparty.pl\/index.php?rest_route=\/wp\/v2\/pages\/142\/revisions\/223"}],"wp:attachment":[{"href":"https:\/\/www.paleciakparty.pl\/index.php?rest_route=%2Fwp%2Fv2%2Fmedia&parent=142"}],"curies":[{"name":"wp","href":"https:\/\/api.w.org\/{rel}","templated":true}]}}