{"id":210,"date":"2024-11-12T15:26:33","date_gmt":"2024-11-12T15:26:33","guid":{"rendered":"https:\/\/www.paleciakparty.pl\/?page_id=210"},"modified":"2024-11-12T15:26:34","modified_gmt":"2024-11-12T15:26:34","slug":"zakres-sprzatania","status":"publish","type":"page","link":"https:\/\/www.paleciakparty.pl\/?page_id=210","title":{"rendered":"Zakres sprz\u0105tania"},"content":{"rendered":"\n<p>Najpro\u015bciej m\u00f3wi\u0105c, lokal nale\u017cy zostawi\u0107 w stanie nie gorszym ni\u017c zosta\u0142 przekazany.<\/p>\n\n\n\n<p>Sala:<br>- zamiatanie pod\u0142ogi<br>- umycie sto\u0142\u00f3w i krzese\u0142<br>Kuchnia:<br>- umycie kuchenki elektrycznej, mikrofal\u00f3wki, piekarnika, termos\u00f3w, no\u017cy i innych przybor\u00f3w kuchennych<br>- umycie zlewu<br>- umycie lod\u00f3wki<br>- umycie wszystkich blat\u00f3w w kuchni<br>- umycie koszy na \u015bmieci<br>- umycie wiadra i mopa<br>- Pozamiatanie i umycie na mokro pod\u0142ogi<br>WC:<br>- umycie umywalki<br>- umycie muszli<br>- pozamiatanie i umycie pod\u0142ogi na mokro<br>Taras:<br>- umycie stolik\u00f3w i siedzisk z palet (gdyby co\u015b si\u0119 rozla\u0142o itp.)<br>- opr\u00f3\u017cnienie i umycie popielniczek<br>- pozamiatanie tarasu je\u015bli znajduj\u0105 si\u0119 na nim \u015bmieci ( czy inne zabrudzenia powsta\u0142e podczas najmu)<br><br>Czysto\u015b\u0107 sali b\u0119dzie sprawdzana i cz\u0119sto sala tego samego dnia b\u0119dzie przekazywana kolejnej osobie wi\u0119c chcieliby\u015bmy unikn\u0105\u0107 nieprzyjemnych sytuacji (w tym mi\u0119dzy innymi potr\u0105cenia z kaucji). Najlepiej zastosowa\u0107 si\u0119 do pierwszego zdania na g\u00f3rze i wszyscy b\u0119d\u0105 zadowoleni \ud83d\ude09<\/p>\n","protected":false},"excerpt":{"rendered":"<p>Najpro\u015bciej m\u00f3wi\u0105c, lokal nale\u017cy zostawi\u0107 w stanie nie gorszym ni\u017c zosta\u0142 przekazany. Sala:- zamiatanie pod\u0142ogi- umycie sto\u0142\u00f3w i krzese\u0142Kuchnia:- umycie kuchenki elektrycznej, mikrofal\u00f3wki, piekarnika, termos\u00f3w, no\u017cy i innych przybor\u00f3w kuchennych- umycie zlewu- umycie lod\u00f3wki- umycie wszystkich blat\u00f3w w kuchni- umycie koszy na \u015bmieci- umycie wiadra i mopa- Pozamiatanie i umycie na mokro pod\u0142ogiWC:- umycie umywalki-&hellip;&nbsp;<a href=\"https:\/\/www.paleciakparty.pl\/?page_id=210\" rel=\"bookmark\">Dowiedz si\u0119 wi\u0119cej &raquo;<span class=\"screen-reader-text\">Zakres sprz\u0105tania<\/span><\/a><\/p>\n","protected":false},"author":1,"featured_media":0,"parent":0,"menu_order":0,"comment_status":"closed","ping_status":"closed","template":"","meta":{"neve_meta_sidebar":"","neve_meta_container":"","neve_meta_enable_content_width":"","neve_meta_content_width":0,"neve_meta_title_alignment":"","neve_meta_author_avatar":"","neve_post_elements_order":"","neve_meta_disable_header":"","neve_meta_disable_footer":"","neve_meta_disable_title":"","footnotes":""},"class_list":["post-210","page","type-page","status-publish","hentry"],"_links":{"self":[{"href":"https:\/\/www.paleciakparty.pl\/index.php?rest_route=\/wp\/v2\/pages\/210","targetHints":{"allow":["GET"]}}],"collection":[{"href":"https:\/\/www.paleciakparty.pl\/index.php?rest_route=\/wp\/v2\/pages"}],"about":[{"href":"https:\/\/www.paleciakparty.pl\/index.php?rest_route=\/wp\/v2\/types\/page"}],"author":[{"embeddable":true,"href":"https:\/\/www.paleciakparty.pl\/index.php?rest_route=\/wp\/v2\/users\/1"}],"replies":[{"embeddable":true,"href":"https:\/\/www.paleciakparty.pl\/index.php?rest_route=%2Fwp%2Fv2%2Fcomments&post=210"}],"version-history":[{"count":1,"href":"https:\/\/www.paleciakparty.pl\/index.php?rest_route=\/wp\/v2\/pages\/210\/revisions"}],"predecessor-version":[{"id":211,"href":"https:\/\/www.paleciakparty.pl\/index.php?rest_route=\/wp\/v2\/pages\/210\/revisions\/211"}],"wp:attachment":[{"href":"https:\/\/www.paleciakparty.pl\/index.php?rest_route=%2Fwp%2Fv2%2Fmedia&parent=210"}],"curies":[{"name":"wp","href":"https:\/\/api.w.org\/{rel}","templated":true}]}}