{"id":213,"date":"2024-11-12T15:49:29","date_gmt":"2024-11-12T15:49:29","guid":{"rendered":"https:\/\/www.paleciakparty.pl\/?page_id=213"},"modified":"2024-11-12T15:49:30","modified_gmt":"2024-11-12T15:49:30","slug":"lista-wyposazenia","status":"publish","type":"page","link":"https:\/\/www.paleciakparty.pl\/?page_id=213","title":{"rendered":"Lista wyposa\u017cenia"},"content":{"rendered":"\n<p>Pakiet Basic:<br>- sto\u0142y<br>- krzes\u0142a<br>- g\u0142o\u015bnik bluetooth<br>- kolorowa lampa disco<br>- stojak z wieszakami na ubrania<br>- meble ogrodowe ( z palet dla ok 30 os\u00f3b)<br>- lod\u00f3wka z zamra\u017cark\u0105 (dwudrzwiowa)<br>- kuchenka elektryczna (dwupalnikowa)<br>- piekarnik<br>- zmywarka<br>- mikrofal\u00f3wka<br>- czajnik elektryczny<br>- termosy 5l (2 szt)<br>- deska do krojenia<br>- no\u017ce<br>- du\u017cy zlewozmywak<br>- wiadro z mopem<br>- \u015bciereczki, g\u0105bka i \u015brodki czysto\u015bci<br>- \u015bwie\u017co wyprany r\u0119cznik w \u0142azience<br>- 3 rolki papieru toaletowego<\/p>\n\n\n\n<p>Pakiet Comfort:<br>- to samo co w pakiecie Basic oraz<br>- sztu\u0107ce (widelce, no\u017ce, \u0142y\u017ceczki, \u0142y\u017cki)<br>- talerze obiadowe du\u017ce<br>- talerze g\u0142\u0119bokie<br>- talerze deserowe ma\u0142e<br>- miski du\u017ce<br>- miski ma\u0142e<br>- dzbanki na soki\/wod\u0119<br>- kieliszki na w\u00f3dk\u0119<br>- kieliszki na wino<br>- szklanki na zimne napoje<br>- fili\u017canki ze spodkami<br>- szklanki na piwo<br>- wazoniki z kwiatkami (sztucznymi)<br>- serwetniki (bez serwetek) z solniczk\u0105 i pieprzniczk\u0105 w jednym (s\u00f3l i pieprz w zestawie)<br>- \u015bwieczniki na \u015bwieczki typu tea light (podgrzewacze)<\/p>\n\n\n\n<p>Pakiet VIP:<br>- to samo co w pakiecie Comfort oraz<br>- wyprane i wyprasowane obrusy (bia\u0142e)<br>- wyprane i wyprasowane bie\u017cniki (szare)<\/p>\n\n\n\n<p>Pakiet VIP Ultra:<br>- to samo co w pakiecie VIP<\/p>\n","protected":false},"excerpt":{"rendered":"<p>Pakiet Basic:- sto\u0142y- krzes\u0142a- g\u0142o\u015bnik bluetooth- kolorowa lampa disco- stojak z wieszakami na ubrania- meble ogrodowe ( z palet dla ok 30 os\u00f3b)- lod\u00f3wka z zamra\u017cark\u0105 (dwudrzwiowa)- kuchenka elektryczna (dwupalnikowa)- piekarnik- zmywarka- mikrofal\u00f3wka- czajnik elektryczny- termosy 5l (2 szt)- deska do krojenia- no\u017ce- du\u017cy zlewozmywak- wiadro z mopem- \u015bciereczki, g\u0105bka i \u015brodki czysto\u015bci- \u015bwie\u017co wyprany&hellip;&nbsp;<a href=\"https:\/\/www.paleciakparty.pl\/?page_id=213\" rel=\"bookmark\">Dowiedz si\u0119 wi\u0119cej &raquo;<span class=\"screen-reader-text\">Lista wyposa\u017cenia<\/span><\/a><\/p>\n","protected":false},"author":1,"featured_media":0,"parent":0,"menu_order":0,"comment_status":"closed","ping_status":"closed","template":"","meta":{"neve_meta_sidebar":"","neve_meta_container":"","neve_meta_enable_content_width":"","neve_meta_content_width":0,"neve_meta_title_alignment":"","neve_meta_author_avatar":"","neve_post_elements_order":"","neve_meta_disable_header":"","neve_meta_disable_footer":"","neve_meta_disable_title":"","footnotes":""},"class_list":["post-213","page","type-page","status-publish","hentry"],"_links":{"self":[{"href":"https:\/\/www.paleciakparty.pl\/index.php?rest_route=\/wp\/v2\/pages\/213","targetHints":{"allow":["GET"]}}],"collection":[{"href":"https:\/\/www.paleciakparty.pl\/index.php?rest_route=\/wp\/v2\/pages"}],"about":[{"href":"https:\/\/www.paleciakparty.pl\/index.php?rest_route=\/wp\/v2\/types\/page"}],"author":[{"embeddable":true,"href":"https:\/\/www.paleciakparty.pl\/index.php?rest_route=\/wp\/v2\/users\/1"}],"replies":[{"embeddable":true,"href":"https:\/\/www.paleciakparty.pl\/index.php?rest_route=%2Fwp%2Fv2%2Fcomments&post=213"}],"version-history":[{"count":1,"href":"https:\/\/www.paleciakparty.pl\/index.php?rest_route=\/wp\/v2\/pages\/213\/revisions"}],"predecessor-version":[{"id":214,"href":"https:\/\/www.paleciakparty.pl\/index.php?rest_route=\/wp\/v2\/pages\/213\/revisions\/214"}],"wp:attachment":[{"href":"https:\/\/www.paleciakparty.pl\/index.php?rest_route=%2Fwp%2Fv2%2Fmedia&parent=213"}],"curies":[{"name":"wp","href":"https:\/\/api.w.org\/{rel}","templated":true}]}}