{"id":7,"date":"2024-09-24T07:22:59","date_gmt":"2024-09-24T07:22:59","guid":{"rendered":"https:\/\/www.paleciakparty.pl\/?page_id=7"},"modified":"2026-04-07T14:53:01","modified_gmt":"2026-04-07T14:53:01","slug":"strona-glowna","status":"publish","type":"page","link":"https:\/\/www.paleciakparty.pl\/","title":{"rendered":"Strona g\u0142\u00f3wna"},"content":{"rendered":"\n<div class=\"wp-block-cover alignfull\" style=\"min-height:800px;aspect-ratio:unset;\"><span aria-hidden=\"true\" class=\"wp-block-cover__background has-background-dim-0 has-background-dim\"><\/span><img loading=\"lazy\" decoding=\"async\" width=\"2048\" height=\"922\" class=\"wp-block-cover__image-background wp-image-91\" alt=\"\" src=\"https:\/\/www.paleciakparty.pl\/wp-content\/uploads\/2024\/09\/20231027_123913_Easy-Resize.com_.jpg\" data-object-fit=\"cover\" srcset=\"https:\/\/www.paleciakparty.pl\/wp-content\/uploads\/2024\/09\/20231027_123913_Easy-Resize.com_.jpg 2048w, https:\/\/www.paleciakparty.pl\/wp-content\/uploads\/2024\/09\/20231027_123913_Easy-Resize.com_-300x135.jpg 300w, https:\/\/www.paleciakparty.pl\/wp-content\/uploads\/2024\/09\/20231027_123913_Easy-Resize.com_-1024x461.jpg 1024w, https:\/\/www.paleciakparty.pl\/wp-content\/uploads\/2024\/09\/20231027_123913_Easy-Resize.com_-768x346.jpg 768w, https:\/\/www.paleciakparty.pl\/wp-content\/uploads\/2024\/09\/20231027_123913_Easy-Resize.com_-1536x692.jpg 1536w\" sizes=\"auto, (max-width: 2048px) 100vw, 2048px\" \/><div class=\"wp-block-cover__inner-container is-layout-flow wp-block-cover-is-layout-flow\">\n<div class=\"wp-block-columns are-vertically-aligned-center is-layout-flex wp-container-core-columns-is-layout-1 wp-block-columns-is-layout-flex\">\n<div class=\"wp-block-column is-vertically-aligned-center is-layout-flow wp-block-column-is-layout-flow\" style=\"padding-right:var(--wp--preset--spacing--20);padding-left:var(--wp--preset--spacing--20);flex-basis:65%\">\n<div style=\"height:80px\" aria-hidden=\"true\" class=\"wp-block-spacer\"><\/div>\n\n\n\n<h1 class=\"wp-block-heading has-text-align-left has-nv-text-dark-bg-color has-text-color\">Sala do wynaj\u0119cia<\/h1>\n\n\n\n<p class=\"has-text-align-left has-nv-text-dark-bg-color has-text-color\" style=\"font-size:17px\"><strong>PRZYJMUJEMY REZERWACJE DO KO\u0143CA MAJA 2027!<\/strong><\/p>\n\n\n\n<div class=\"wp-block-buttons is-horizontal is-content-justification-left is-layout-flex wp-container-core-buttons-is-layout-1 wp-block-buttons-is-layout-flex\">\n<div class=\"wp-block-button is-style-primary\"><a class=\"wp-block-button__link has-text-color has-background has-link-color wp-element-button\" href=\"https:\/\/www.paleciakparty.pl\/?page_id=11\" style=\"color:#0a2279;background-color:#ffffff\">Sprawd\u017a dost\u0119pno\u015b\u0107 termin\u00f3w<\/a><\/div>\n<\/div>\n\n\n\n<div style=\"height:100px\" aria-hidden=\"true\" class=\"wp-block-spacer\"><\/div>\n<\/div>\n\n\n\n<div class=\"wp-block-column is-vertically-aligned-center is-layout-flow wp-block-column-is-layout-flow\"><\/div>\n<\/div>\n<\/div><\/div>\n\n\n<div class=\"wp-block-image\">\n<figure class=\"aligncenter size-large\"><img loading=\"lazy\" decoding=\"async\" width=\"1024\" height=\"213\" src=\"https:\/\/www.paleciakparty.pl\/wp-content\/uploads\/2024\/09\/PAKIET-1-1024x213.jpg\" alt=\"\" class=\"wp-image-163\" srcset=\"https:\/\/www.paleciakparty.pl\/wp-content\/uploads\/2024\/09\/PAKIET-1-1024x213.jpg 1024w, https:\/\/www.paleciakparty.pl\/wp-content\/uploads\/2024\/09\/PAKIET-1-300x63.jpg 300w, https:\/\/www.paleciakparty.pl\/wp-content\/uploads\/2024\/09\/PAKIET-1-768x160.jpg 768w, https:\/\/www.paleciakparty.pl\/wp-content\/uploads\/2024\/09\/PAKIET-1.jpg 1200w\" sizes=\"auto, (max-width: 1024px) 100vw, 1024px\" \/><\/figure><\/div>\n\n\n<div style=\"height:51px\" aria-hidden=\"true\" class=\"wp-block-spacer\"><\/div>\n\n\n\n<div class=\"wp-block-columns is-layout-flex wp-container-core-columns-is-layout-2 wp-block-columns-is-layout-flex\">\n<div class=\"wp-block-column neve-duotone is-layout-flow wp-block-column-is-layout-flow\" style=\"padding-right:var(--wp--preset--spacing--30);padding-left:var(--wp--preset--spacing--30)\"><div class=\"wp-block-image icon-style is-style-default wp-duotone-unset-1\">\n<figure class=\"aligncenter size-full has-custom-border\"><img loading=\"lazy\" decoding=\"async\" width=\"73\" height=\"72\" src=\"https:\/\/www.paleciakparty.pl\/wp-content\/uploads\/2024\/09\/image.png\" alt=\"\" class=\"wp-image-34\" style=\"border-radius:0px\" title=\"\"\/><\/figure><\/div>\n\n\n<div style=\"height:16px\" aria-hidden=\"true\" class=\"wp-block-spacer\"><\/div>\n\n\n\n<h3 class=\"wp-block-heading has-text-align-center has-neve-text-color-color has-text-color\">Pakiet Basic<\/h3>\n\n\n\n<p class=\"has-text-align-center\">Pakiet podstawowy jest idealny dla os\u00f3b kt\u00f3re chc\u0105 zorganizowa\u0107 imprez\u0119 jak najni\u017cszym kosztem oraz jest cz\u0119sto wybierany na 18-ste urodziny dla m\u0142odzie\u017cy<\/p>\n\n\n\n<div style=\"height:20px\" aria-hidden=\"true\" class=\"wp-block-spacer\"><\/div>\n\n\n\n<div class=\"wp-block-buttons is-content-justification-center is-layout-flex wp-container-core-buttons-is-layout-2 wp-block-buttons-is-layout-flex\">\n<div class=\"wp-block-button is-style-primary\"><a class=\"wp-block-button__link has-text-align-center wp-element-button\" href=\"https:\/\/www.paleciakparty.pl\/?page_id=131\">Wi\u0119cej<\/a><\/div>\n<\/div>\n<\/div>\n\n\n\n<div class=\"wp-block-column is-layout-flow wp-block-column-is-layout-flow\" style=\"padding-right:var(--wp--preset--spacing--30);padding-left:var(--wp--preset--spacing--30)\"><div class=\"wp-block-image icon-style is-style-default\">\n<figure class=\"aligncenter size-full has-custom-border\"><img loading=\"lazy\" decoding=\"async\" width=\"73\" height=\"72\" src=\"https:\/\/www.paleciakparty.pl\/wp-content\/uploads\/2024\/09\/image.png\" alt=\"\" class=\"wp-image-34\" style=\"border-radius:0px\" title=\"\"\/><\/figure><\/div>\n\n\n<div style=\"height:16px\" aria-hidden=\"true\" class=\"wp-block-spacer\"><\/div>\n\n\n\n<h3 class=\"wp-block-heading has-text-align-center has-neve-text-color-color has-text-color\">Pakiet Comfort<\/h3>\n\n\n\n<p class=\"has-text-align-center\">Pakiet \"Comfort\" jest najcz\u0119\u015bciej wybieranym pakietem. \u0141\u0105czy w sobie atrakcyjn\u0105 cen\u0119 wraz z dost\u0119pem do szk\u0142a i zastawy. W cenie jest r\u00f3wnie\u017c sprz\u0105tanie lokalu po imprezie<\/p>\n\n\n\n<div style=\"height:20px\" aria-hidden=\"true\" class=\"wp-block-spacer\"><\/div>\n\n\n\n<div class=\"wp-block-buttons is-content-justification-center is-layout-flex wp-container-core-buttons-is-layout-3 wp-block-buttons-is-layout-flex\">\n<div class=\"wp-block-button is-style-primary\"><a class=\"wp-block-button__link wp-element-button\" href=\"https:\/\/www.paleciakparty.pl\/?page_id=135\">Wi\u0119cej<\/a><\/div>\n<\/div>\n<\/div>\n\n\n\n<div class=\"wp-block-column is-layout-flow wp-block-column-is-layout-flow\" style=\"padding-right:var(--wp--preset--spacing--30);padding-left:var(--wp--preset--spacing--30)\"><div class=\"wp-block-image icon-style is-style-default wp-duotone-unset-2\">\n<figure class=\"aligncenter size-full has-custom-border\"><img loading=\"lazy\" decoding=\"async\" width=\"73\" height=\"72\" src=\"https:\/\/www.paleciakparty.pl\/wp-content\/uploads\/2024\/09\/image.png\" alt=\"\" class=\"wp-image-34\" style=\"border-radius:0px\" title=\"\"\/><\/figure><\/div>\n\n\n<div style=\"height:16px\" aria-hidden=\"true\" class=\"wp-block-spacer\"><\/div>\n\n\n\n<h3 class=\"wp-block-heading has-text-align-center has-neve-text-color-color has-text-color\">Pakiet VIP<\/h3>\n\n\n\n<p class=\"has-text-align-center\">Pakiet VIP jest przeznaczony dla bardziej wymagaj\u0105cych klient\u00f3w. Sto\u0142y zostan\u0105 nakryte bia\u0142ymi obrusami oraz bie\u017cnikami, a na sto\u0142ach pojawi\u0105 si\u0119 wazoniki z kwiatami. Sprz\u0105tanie w cenie.<\/p>\n\n\n\n<div style=\"height:20px\" aria-hidden=\"true\" class=\"wp-block-spacer\"><\/div>\n\n\n\n<div class=\"wp-block-buttons is-content-justification-center is-layout-flex wp-container-core-buttons-is-layout-4 wp-block-buttons-is-layout-flex\">\n<div class=\"wp-block-button is-style-primary\"><a class=\"wp-block-button__link wp-element-button\" href=\"https:\/\/www.paleciakparty.pl\/?page_id=139\">Wi\u0119cej<\/a><\/div>\n<\/div>\n<\/div>\n\n\n\n<div class=\"wp-block-column is-layout-flow wp-block-column-is-layout-flow\" style=\"padding-right:var(--wp--preset--spacing--30);padding-left:var(--wp--preset--spacing--30)\"><div class=\"wp-block-image icon-style is-style-default wp-duotone-unset-3\">\n<figure class=\"aligncenter size-full has-custom-border\"><img loading=\"lazy\" decoding=\"async\" width=\"73\" height=\"72\" src=\"https:\/\/www.paleciakparty.pl\/wp-content\/uploads\/2024\/09\/image.png\" alt=\"\" class=\"wp-image-34\" style=\"border-radius:0px\" title=\"\"\/><\/figure><\/div>\n\n\n<div style=\"height:16px\" aria-hidden=\"true\" class=\"wp-block-spacer\"><\/div>\n\n\n\n<h3 class=\"wp-block-heading has-text-align-center has-neve-text-color-color has-text-color\">Pakiet Vip Ultra<\/h3>\n\n\n\n<p class=\"has-text-align-center\">Pakiet VIP Ultra jest przeznaczony dla os\u00f3b kt\u00f3re ceni\u0105 sobie wygod\u0119. Sala b\u0119dzie w pe\u0142ni przygotowana, sto\u0142y b\u0119d\u0105 nakryte obrusami, a zastawa \u0142adnie u\u0142o\u017cona.<\/p>\n\n\n\n<div style=\"height:20px\" aria-hidden=\"true\" class=\"wp-block-spacer\"><\/div>\n\n\n\n<div class=\"wp-block-buttons is-content-justification-center is-layout-flex wp-container-core-buttons-is-layout-5 wp-block-buttons-is-layout-flex\">\n<div class=\"wp-block-button is-style-primary\"><a class=\"wp-block-button__link wp-element-button\" href=\"https:\/\/www.paleciakparty.pl\/?page_id=142\">Wi\u0119cej<\/a><\/div>\n<\/div>\n<\/div>\n<\/div>\n\n\n\n<div class=\"wp-block-cover alignfull\" style=\"min-height:300px;aspect-ratio:unset;\"><span aria-hidden=\"true\" class=\"wp-block-cover__background has-neve-link-color-background-color has-background-dim-100 has-background-dim\"><\/span><div class=\"wp-block-cover__inner-container is-layout-flow wp-block-cover-is-layout-flow\">\n<div style=\"height:140px\" aria-hidden=\"true\" class=\"wp-block-spacer\"><\/div>\n\n\n\n<div class=\"wp-block-columns is-layout-flex wp-container-core-columns-is-layout-3 wp-block-columns-is-layout-flex\">\n<div class=\"wp-block-column is-layout-flow wp-block-column-is-layout-flow\" style=\"flex-basis:20%\"><\/div>\n\n\n\n<div class=\"wp-block-column is-layout-flow wp-block-column-is-layout-flow\" style=\"flex-basis:60%\">\n<div class=\"wp-block-group\"><div class=\"wp-block-group__inner-container is-layout-constrained wp-block-group-is-layout-constrained\">\n<h2 class=\"wp-block-heading has-text-align-center has-nv-text-dark-bg-color has-text-color\">Kontakt<\/h2>\n\n\n\n<p class=\"has-text-align-center has-nv-text-dark-bg-color has-text-color has-link-color wp-elements-5ed4fd2d56834465852f6c84ccec305a\"><strong>tel. 731-454-944<\/strong><br><br>ul. Podmiejska 39,44-207 Rybnik<br><br>Pn: 12:00-19:00<br>Wt: 9:00-17:00<br>\u015ar: 9:00-17:00<br>Czw: 12:00-19:00<br>Pt: 9:00-17:00<\/p>\n\n\n\n<h2 class=\"wp-block-heading has-text-align-center has-nv-text-dark-bg-color has-text-color\">Sal\u0119 mo\u017cna zobaczy\u0107 po wcze\u015bniejszym ustaleniu terminu<\/h2>\n<\/div><\/div>\n\n\n<div class=\"wp-block-image\">\n<figure class=\"aligncenter size-full\"><a href=\"https:\/\/www.facebook.com\/paleciakparty\"><img loading=\"lazy\" decoding=\"async\" width=\"200\" height=\"200\" src=\"https:\/\/www.paleciakparty.pl\/wp-content\/uploads\/2024\/09\/facebook-new.png\" alt=\"\" class=\"wp-image-187\" srcset=\"https:\/\/www.paleciakparty.pl\/wp-content\/uploads\/2024\/09\/facebook-new.png 200w, https:\/\/www.paleciakparty.pl\/wp-content\/uploads\/2024\/09\/facebook-new-150x150.png 150w\" sizes=\"auto, (max-width: 200px) 100vw, 200px\" \/><\/a><\/figure><\/div><\/div>\n\n\n\n<div class=\"wp-block-column is-layout-flow wp-block-column-is-layout-flow\" style=\"flex-basis:20%\"><\/div>\n<\/div>\n\n\n\n<div style=\"height:140px\" aria-hidden=\"true\" class=\"wp-block-spacer\"><\/div>\n<\/div><\/div>\n","protected":false},"excerpt":{"rendered":"<p>Pakiet Basic Pakiet podstawowy jest idealny dla os\u00f3b kt\u00f3re chc\u0105 zorganizowa\u0107 imprez\u0119 jak najni\u017cszym kosztem oraz jest cz\u0119sto wybierany na 18-ste urodziny dla m\u0142odzie\u017cy Pakiet Comfort Pakiet \"Comfort\" jest najcz\u0119\u015bciej wybieranym pakietem. \u0141\u0105czy w sobie atrakcyjn\u0105 cen\u0119 wraz z dost\u0119pem do szk\u0142a i zastawy. W cenie jest r\u00f3wnie\u017c sprz\u0105tanie lokalu po imprezie Pakiet VIP Pakiet&hellip;&nbsp;<a href=\"https:\/\/www.paleciakparty.pl\/\" rel=\"bookmark\">Dowiedz si\u0119 wi\u0119cej &raquo;<span class=\"screen-reader-text\">Strona g\u0142\u00f3wna<\/span><\/a><\/p>\n","protected":false},"author":1,"featured_media":0,"parent":0,"menu_order":0,"comment_status":"closed","ping_status":"closed","template":"","meta":{"neve_meta_sidebar":"","neve_meta_container":"","neve_meta_enable_content_width":"on","neve_meta_content_width":100,"neve_meta_title_alignment":"","neve_meta_author_avatar":"","neve_post_elements_order":"","neve_meta_disable_header":"","neve_meta_disable_footer":"","neve_meta_disable_title":"on","footnotes":""},"class_list":["post-7","page","type-page","status-publish","hentry"],"_links":{"self":[{"href":"https:\/\/www.paleciakparty.pl\/index.php?rest_route=\/wp\/v2\/pages\/7","targetHints":{"allow":["GET"]}}],"collection":[{"href":"https:\/\/www.paleciakparty.pl\/index.php?rest_route=\/wp\/v2\/pages"}],"about":[{"href":"https:\/\/www.paleciakparty.pl\/index.php?rest_route=\/wp\/v2\/types\/page"}],"author":[{"embeddable":true,"href":"https:\/\/www.paleciakparty.pl\/index.php?rest_route=\/wp\/v2\/users\/1"}],"replies":[{"embeddable":true,"href":"https:\/\/www.paleciakparty.pl\/index.php?rest_route=%2Fwp%2Fv2%2Fcomments&post=7"}],"version-history":[{"count":21,"href":"https:\/\/www.paleciakparty.pl\/index.php?rest_route=\/wp\/v2\/pages\/7\/revisions"}],"predecessor-version":[{"id":277,"href":"https:\/\/www.paleciakparty.pl\/index.php?rest_route=\/wp\/v2\/pages\/7\/revisions\/277"}],"wp:attachment":[{"href":"https:\/\/www.paleciakparty.pl\/index.php?rest_route=%2Fwp%2Fv2%2Fmedia&parent=7"}],"curies":[{"name":"wp","href":"https:\/\/api.w.org\/{rel}","templated":true}]}}